{"id":981,"date":"2018-06-12T00:00:40","date_gmt":"2018-06-11T22:00:40","guid":{"rendered":"http:\/\/www.luo-darmstadt.de\/schreibkunst\/?page_id=981"},"modified":"2018-07-12T12:22:08","modified_gmt":"2018-07-12T10:22:08","slug":"perskys-zauberschrank","status":"publish","type":"page","link":"https:\/\/www.luo-darmstadt.de\/schreibkunst\/perskys-zauberschrank\/","title":{"rendered":"Persky&#8217;s Zauberschrank"},"content":{"rendered":"<p><span style=\"font-size:30px\"><b>\u00dcbersicht<\/span><\/b><\/p>\n<p><b>Phoebe Baumgarten<\/b> - 5: <a href\"http:\/\/www.luo-darmstadt.de\/schreibkunst\/5-sterne-fuer-lola_fuenf_sterne_fuer_mich\">F\u00fcnf Sterne f\u00fcr mich<\/a><br \/>\n<b>Paulina Dauth<\/b> - 7b: <a href=\"http:\/\/www.luo-darmstadt.de\/SchreibKunst\/herr_der_diebe_perskys-zauberschrank\">Persky's Zauberschrank in Herr der Diebe<\/a><br \/>\n<b>Sophia B\u00f6cker<\/b> - 7b: Persky's Zauberschrank in Warrior Cats<br \/>\n<a href=\"http:\/\/www.luo-darmstadt.de\/schreibkunst\/Sophia_Boecker_Warrior_Cats_Kapitel_Eins\">Kapitel Eins<\/a><br \/>\n<a href=\"http:\/\/www.luo-darmstadt.de\/schreibkunst\/Sophia_Boecker_Warrior_Cats_Kapitel_Zwei\">Kapitel Zwei<\/a><br \/>\n<a href=\"http:\/\/www.luo-darmstadt.de\/schreibkunst\/Sophia_Boecker_Warrior_Cats_Kapitel_Drei\">Kapitel Drei<\/a><br \/>\n<a href=\"http:\/\/www.luo-darmstadt.de\/schreibkunst\/Sophia_Boecker_Warrior_Cats_Kapitel_Vier\">Kapitel Vier<\/a><br \/>\n<a href=\"http:\/\/www.luo-darmstadt.de\/schreibkunst\/Sophia_Boecker_Warrior_Cats_Kapitel_F\u00fcnf\">Kapitel F\u00fcnf<\/a><br \/>\n<a href=\"http:\/\/www.luo-darmstadt.de\/schreibkunst\/Sophia_Boecker_Warrior_Cats_Kapitel_sechs\">Kapitel Sechs<\/a><br \/>\n<b>Lea Wallrabenstein<\/b> - 8d: <a href=\"http:\/\/www.luo-darmstadt.de\/schreibkunst\/der-zauberschrank\">Der Zauberschrank<\/a><br \/>\n<b>(Liz) Clara Drewelies<\/b> - 8f: <a href=\"http:\/\/www.luo-darmstadt.de\/schreibkunst\/noerdlich_von_nirgendwo_der_hund_im_zauberschrank\">Der Hund im Zauberschrank<\/a><br \/>\n<b>Malou D. Meyer<\/b> -8: <a href=\"http:\/\/www.luo-darmstadt.de\/schreibkunst\/silber-kerstin-gier\/\">Silber - Trilogie<\/a><\/p>\n","protected":false},"excerpt":{"rendered":"<p>\u00dcbersicht Phoebe Baumgarten - 5: F\u00fcnf Sterne f\u00fcr mich Paulina Dauth - 7b: Persky's Zauberschrank in Herr der Diebe Sophia B\u00f6cker - 7b: Persky's Zauberschrank in Warrior Cats Kapitel Eins Kapitel Zwei Kapitel Drei Kapitel Vier Kapitel F\u00fcnf Kapitel Sechs Lea Wallrabenstein - 8d: Der Zauberschrank (Liz) Clara Drewelies - 8f: Der Hund im Zauberschrank <a href=\"https:\/\/www.luo-darmstadt.de\/schreibkunst\/perskys-zauberschrank\/\" class=\"more-link\">...weiterlesen<span class=\"screen-reader-text\"> \"Persky&#8217;s Zauberschrank\"<\/span><\/a><\/p>\n","protected":false},"author":3,"featured_media":0,"parent":0,"menu_order":0,"comment_status":"closed","ping_status":"closed","template":"","meta":{"footnotes":""},"class_list":["post-981","page","type-page","status-publish","h-entry","hentry","h-as-page"],"_links":{"self":[{"href":"https:\/\/www.luo-darmstadt.de\/schreibkunst\/wp-json\/wp\/v2\/pages\/981","targetHints":{"allow":["GET"]}}],"collection":[{"href":"https:\/\/www.luo-darmstadt.de\/schreibkunst\/wp-json\/wp\/v2\/pages"}],"about":[{"href":"https:\/\/www.luo-darmstadt.de\/schreibkunst\/wp-json\/wp\/v2\/types\/page"}],"author":[{"embeddable":true,"href":"https:\/\/www.luo-darmstadt.de\/schreibkunst\/wp-json\/wp\/v2\/users\/3"}],"replies":[{"embeddable":true,"href":"https:\/\/www.luo-darmstadt.de\/schreibkunst\/wp-json\/wp\/v2\/comments?post=981"}],"version-history":[{"count":14,"href":"https:\/\/www.luo-darmstadt.de\/schreibkunst\/wp-json\/wp\/v2\/pages\/981\/revisions"}],"predecessor-version":[{"id":1365,"href":"https:\/\/www.luo-darmstadt.de\/schreibkunst\/wp-json\/wp\/v2\/pages\/981\/revisions\/1365"}],"wp:attachment":[{"href":"https:\/\/www.luo-darmstadt.de\/schreibkunst\/wp-json\/wp\/v2\/media?parent=981"}],"curies":[{"name":"wp","href":"https:\/\/api.w.org\/{rel}","templated":true}]}}