{"id":9,"date":"2017-01-01T00:00:38","date_gmt":"2016-12-31T23:00:38","guid":{"rendered":"http:\/\/www.luo-darmstadt.de\/schreibkunst\/?page_id=9"},"modified":"2019-05-20T21:24:00","modified_gmt":"2019-05-20T19:24:00","slug":"kontakt","status":"publish","type":"page","link":"https:\/\/www.luo-darmstadt.de\/schreibkunst\/kontakt\/","title":{"rendered":"Kontakt"},"content":{"rendered":"<p>[wpforms id=\"1511\" title=\"false\" description=\"false\"]<br \/>\n<!--Bis Anfang des Schuljahrs 2018\/ 2019 haben wir Dir noch ein Kontaktformular angeboten; es war nicht einmal n\u00f6tig, dass Du bei Deinem E-Mail-Provider eingeloggt bist. Da wir mit Deinen Daten nicht erst seit der in Kraft tretenden DSGVO verantwortungsvoll umgehen m\u00f6chten, ist es nicht mit unserer\nPhilosophie vereinbar ein Formular eines Anbieters zu nutzen, der Deine Daten nicht verschl\u00fcsselt an uns \u00fcbertr\u00e4gt.\n\n\n\nKurzgesagt bedeutet diese \u00c4nderung f\u00fcr Dich, dass du die im <a href=\"https:\/\/www.luo-darmstadt.de\/schreibkunst\/impressum\/\">Impressum<\/a> angegebenen Adressen in Dein E-Mail Programm kopieren musst, damit nur Du und wir Zugriff auf den E-Mail-Verkehr haben.\n\n\n\nWir bitten um Verst\u00e4ndnis!--><\/p>\n","protected":false},"excerpt":{"rendered":"<p>[wpforms id=\"1511\" title=\"false\" description=\"false\"]<\/p>\n","protected":false},"author":3,"featured_media":0,"parent":0,"menu_order":0,"comment_status":"closed","ping_status":"closed","template":"","meta":{"footnotes":""},"class_list":["post-9","page","type-page","status-publish","h-entry","hentry","h-as-page"],"_links":{"self":[{"href":"https:\/\/www.luo-darmstadt.de\/schreibkunst\/wp-json\/wp\/v2\/pages\/9","targetHints":{"allow":["GET"]}}],"collection":[{"href":"https:\/\/www.luo-darmstadt.de\/schreibkunst\/wp-json\/wp\/v2\/pages"}],"about":[{"href":"https:\/\/www.luo-darmstadt.de\/schreibkunst\/wp-json\/wp\/v2\/types\/page"}],"author":[{"embeddable":true,"href":"https:\/\/www.luo-darmstadt.de\/schreibkunst\/wp-json\/wp\/v2\/users\/3"}],"replies":[{"embeddable":true,"href":"https:\/\/www.luo-darmstadt.de\/schreibkunst\/wp-json\/wp\/v2\/comments?post=9"}],"version-history":[{"count":6,"href":"https:\/\/www.luo-darmstadt.de\/schreibkunst\/wp-json\/wp\/v2\/pages\/9\/revisions"}],"predecessor-version":[{"id":1512,"href":"https:\/\/www.luo-darmstadt.de\/schreibkunst\/wp-json\/wp\/v2\/pages\/9\/revisions\/1512"}],"wp:attachment":[{"href":"https:\/\/www.luo-darmstadt.de\/schreibkunst\/wp-json\/wp\/v2\/media?parent=9"}],"curies":[{"name":"wp","href":"https:\/\/api.w.org\/{rel}","templated":true}]}}