{"id":852,"date":"2018-05-25T16:20:30","date_gmt":"2018-05-25T14:20:30","guid":{"rendered":"http:\/\/www.luo-darmstadt.de\/schreibkunst\/?page_id=852"},"modified":"2022-10-04T20:24:38","modified_gmt":"2022-10-04T18:24:38","slug":"jahrgaenge-e-q4","status":"publish","type":"page","link":"https:\/\/www.luo-darmstadt.de\/schreibkunst\/literaturpreis\/jahrgaenge-e-q4\/","title":{"rendered":"\u00dcbersicht Jahrg\u00e4nge E &#8211; Q4"},"content":{"rendered":"<p><span style=\"font-size: 30px;\"><b>\u00dcbersicht<\/b><\/span><\/p>\n<p><strong><span style=\"font-size: 23px;\">LuO-Literaturpreis 2022<\/span><\/strong><br \/>\n<strong>1. Platz<\/strong>: Malak Aderounmu: <a href=\"https:\/\/www.luo-darmstadt.de\/schreibkunst\/malak-aderounmu-noch-ein-text-ueber-gefuehle\/\">noch ein text \u00fcber gef\u00fchle<\/a><br \/>\n<strong>2. Platz<\/strong>: Vivien Meyer: <a href=\"https:\/\/www.luo-darmstadt.de\/schreibkunst\/vivien-meyer-die-stimme\/\">Die Stimme<\/a><br \/>\n<strong>3. Platz<\/strong>: Tim Hechler: <a href=\"https:\/\/www.luo-darmstadt.de\/schreibkunst\/tim-hechler-die-hochhaeuser-schmolzen-hinter-ihm\/\">Die Hoch\u00e4user schmolzen hinter ihm<\/a><\/p>\n<p><strong>Sonderpreis Drama<\/strong>: Don Langer, Merlin Obst &amp; Frederik Schmid: <a href=\"https:\/\/www.luo-darmstadt.de\/schreibkunst\/don-langer-merlin-obst-frederik-schmid-grenzen-sind-zum-ueberschreiten-da\/\">Grenzen sind zum \u00dcberschreiten da<\/a><\/p>\n<p><strong><span style=\"font-size: 23px;\">LuO-Literaturpreis 2021<\/span><\/strong><br \/>\n1. Platz: Maria Orekhova: Alles anders<br \/>\n2. Platz: Malak Aderounmu: Etwas, das sich wie aus einem anderen Leben anf\u00fchlt<br \/>\n3. Platz: Justin Heller: Alles ist anders<br \/>\n3. Platz: Yuting Wang: Das Fenster<br \/>\nLyrik: Angelina Wehner: Alles anders<\/p>\n<p><strong><span style=\"font-size: 23px;\">LuO-Literaturpreis 2019<\/span><\/strong><br \/>\n1. Platz: Janne K\u00fchner - Q4: <a href=\"https:\/\/www.luo-darmstadt.de\/schreibkunst\/fantastischer-wahnsinn\/\">Fantastischer Wahnsinn<\/a><br \/>\n2. Platz: Sultan Koras - Q4: <a href=\"https:\/\/www.luo-darmstadt.de\/schreibkunst\/perspektivwechsel\/\">Einmal Perspektivwechsel ohne Milch und Zucker<\/a><br \/>\n3. Platz: Fatma Turgut - E: <a href=\"https:\/\/www.luo-darmstadt.de\/schreibkunst\/das-fantastische-wir\/\" target=\"parents\" rel=\"noopener noreferrer\">Das fantastische Wir<\/a><br \/>\n3. Platz: Mira Durak - Q2: <a href=\"https:\/\/www.luo-darmstadt.de\/schreibkunst\/es-bleibt-fantastisch\/\" target=\"parents\" rel=\"noopener noreferrer\">Es bleibt fantastisch<\/a><\/p>\n<p><strong><span style=\"font-size: 23px;\">LuO-Literaturpreis 2018<\/span><\/strong><br \/>\n1. Platz: Larissa Birkel - Q4: <a href=\"https:\/\/www.luo-darmstadt.de\/schreibkunst\/erloesung\/\">Erl\u00f6sung<\/a><br \/>\n2. Platz: Alena Endlicher - E2: <a href=\"https:\/\/www.luo-darmstadt.de\/schreibkunst\/morgen-2-platz\/\">Morgen<\/a><br \/>\n3. Platz: Nilufar Seddighi - Q: Jeden Morgen<br \/>\nLyrik: Elis Klein Spindola - Q2: <a href=\"https:\/\/www.luo-darmstadt.de\/schreibkunst\/vom-gestern-ins-morgen-lyrik\/\">Vom Gestern ins Morgen<\/a><br \/>\nJulius Emmeluth - Q4: <a href=\"https:\/\/www.luo-darmstadt.de\/schreibkunst\/die-gluecksmaschine\/\">Die Gl\u00fccksmaschine<\/a><\/p>\n","protected":false},"excerpt":{"rendered":"<p>\u00dcbersicht LuO-Literaturpreis 2022 1. Platz: Malak Aderounmu: noch ein text \u00fcber gef\u00fchle 2. Platz: Vivien Meyer: Die Stimme 3. Platz: Tim Hechler: Die Hoch\u00e4user schmolzen hinter ihm Sonderpreis Drama: Don Langer, Merlin Obst &amp; Frederik Schmid: Grenzen sind zum \u00dcberschreiten da LuO-Literaturpreis 2021 1. Platz: Maria Orekhova: Alles anders 2. Platz: Malak Aderounmu: Etwas, das <a href=\"https:\/\/www.luo-darmstadt.de\/schreibkunst\/literaturpreis\/jahrgaenge-e-q4\/\" class=\"more-link\">...weiterlesen<span class=\"screen-reader-text\"> \"\u00dcbersicht Jahrg\u00e4nge E &#8211; Q4\"<\/span><\/a><\/p>\n","protected":false},"author":3,"featured_media":0,"parent":669,"menu_order":0,"comment_status":"closed","ping_status":"closed","template":"","meta":{"footnotes":""},"class_list":["post-852","page","type-page","status-publish","h-entry","hentry","h-as-page"],"_links":{"self":[{"href":"https:\/\/www.luo-darmstadt.de\/schreibkunst\/wp-json\/wp\/v2\/pages\/852","targetHints":{"allow":["GET"]}}],"collection":[{"href":"https:\/\/www.luo-darmstadt.de\/schreibkunst\/wp-json\/wp\/v2\/pages"}],"about":[{"href":"https:\/\/www.luo-darmstadt.de\/schreibkunst\/wp-json\/wp\/v2\/types\/page"}],"author":[{"embeddable":true,"href":"https:\/\/www.luo-darmstadt.de\/schreibkunst\/wp-json\/wp\/v2\/users\/3"}],"replies":[{"embeddable":true,"href":"https:\/\/www.luo-darmstadt.de\/schreibkunst\/wp-json\/wp\/v2\/comments?post=852"}],"version-history":[{"count":21,"href":"https:\/\/www.luo-darmstadt.de\/schreibkunst\/wp-json\/wp\/v2\/pages\/852\/revisions"}],"predecessor-version":[{"id":2287,"href":"https:\/\/www.luo-darmstadt.de\/schreibkunst\/wp-json\/wp\/v2\/pages\/852\/revisions\/2287"}],"up":[{"embeddable":true,"href":"https:\/\/www.luo-darmstadt.de\/schreibkunst\/wp-json\/wp\/v2\/pages\/669"}],"wp:attachment":[{"href":"https:\/\/www.luo-darmstadt.de\/schreibkunst\/wp-json\/wp\/v2\/media?parent=852"}],"curies":[{"name":"wp","href":"https:\/\/api.w.org\/{rel}","templated":true}]}}