{"id":809,"date":"2018-04-09T14:00:03","date_gmt":"2018-04-09T12:00:03","guid":{"rendered":"http:\/\/www.luo-darmstadt.de\/schreibkunst\/?page_id=809"},"modified":"2024-12-09T19:53:16","modified_gmt":"2024-12-09T18:53:16","slug":"datenschutz","status":"publish","type":"page","link":"https:\/\/www.luo-darmstadt.de\/schreibkunst\/datenschutz\/","title":{"rendered":"Datenschutzerkl\u00e4rung"},"content":{"rendered":"<div>\n<p><strong>Datenschutzerkl\u00e4rung<\/strong><\/p>\n<p>Diese Datenschutzerkl\u00e4rung kl\u00e4rt Sie \u00fcber den Umfang und den Zweck der Verarbeitung von personenbezogenen Daten im Rahmen unseres Onlineangebotes und die Dauer der Speicherung personenbezogener Daten auf. Im Hinblick auf die verwendeten Begrifflichkeiten, wie z.B. \u201eVerarbeitung\u201c oder \u201eVerantwortlicher\u201c verweisen wir auf die Definitionen im Art. 4 EU-Datenschutz-Grundverordnung (EU-DSGVO).<\/p>\n<p><strong>1. Geltungsbereich<\/strong><\/p>\n<p>Diese Datenschutzhinweise gelten f\u00fcr den WordPress-Blog und f\u00fcr die \u00fcber diese Internetseite erhobenen personenbezogenen Daten. F\u00fcr Internetseiten anderer Anbieter, auf die z. B. \u00fcber Links verwiesen wird, gelten die dortigen Datenschutzhinweise und -erkl\u00e4rungen.<\/p>\n<p><strong>2. Hosting<\/strong><\/p>\n<p>Der WordPress-Blog wird auf einem von der Lichtenbergschule administrierten Server betrieben. Der Server wird von der <a href=\"https:\/\/www.hetzner.com\/\">Hetzner Online GmbH<\/a> als technischem Dienstleister in unserem Auftrag bereitgestellt. \u00dcber die Datenverarbeitung im Rahmen des Hostings wurde ein Vertrag zur Auftragsdatenverarbeitung abgeschlossen.<\/p>\n<p><strong>3. Verantwortlicher und Datenschutzbeauftragte<\/strong><\/p>\n<p>3.1 Verantwortliche<br \/>\nDie Verantwortlichen sind im <a href=\"\/schreibkunst\/impressum\/\">Impressum<\/a> aufgef\u00fchrt<\/p>\n<p>3.2 Datenschutzbeauftragte<br \/>\nUnsere Datenschutzbeauftragte erreichen Sie per E-Mail unter dieser Adresse: <a href=\"mailto:ines.stanic@luo-darmstadt.eu\">Kontakt<\/a> oder \u00fcber unserer Postadresse mit dem Zusatz \u201edie Datenschutzbeauftragte\u201c.<\/p>\n<p><strong>4. Erhebung personenbezogener Daten, Rechtsgrundlagen, Speicherdauer<\/strong><\/p>\n<p>4.1 Im Folgenden informieren wir \u00fcber die Erhebung personenbezogener Daten bei Nutzung unserer Website. Personenbezogene Daten sind alle Informationen, die auf Sie pers\u00f6nlich beziehbar sind, z. B. Name, Adresse, E-Mail- oder IP-Adresse.<\/p>\n<p>4.2 Bei der blo\u00df informatorischen Nutzung unserer Website werden Zugriffsdaten in einer Protokolldatei (Logfile) protokolliert. Der dabei gespeicherte Datensatz enth\u00e4lt die folgenden Informationen:<br \/>\n\u2022 IP-Adresse<br \/>\n\u2022 Datum und Uhrzeit der Anfrage<br \/>\n\u2022 Zeitzonendifferenz zur Greenwich Mean Time (GMT)<br \/>\n\u2022 Inhalt der Anforderung (konkrete Seite)<br \/>\n\u2022 Zugriffsstatus\/HTTP-Statuscode<br \/>\n\u2022 jeweils \u00fcbertragene Datenmenge<br \/>\n\u2022 Website, von der die Anforderung kommt<br \/>\n\u2022 Browser Betriebssystem und dessen Oberfl\u00e4che<br \/>\n\u2022 Sprache und Version der Browsersoftware.<\/p>\n<p>Diese Informationen sind technisch erforderlich, um Ihnen unsere Website anzuzeigen und die Stabilit\u00e4t und Sicherheit unseres Internetangebots zu gew\u00e4hrleisten. Rechtsgrundlage f\u00fcr die Erhebung geloggter personenbezogener Daten sind Art. 6 Abs. 1 Uabs. 1 lit. e EU-DSGVO i.V.m. \u00a7\u00a7 3 HDSIG, 72 SchulG HE 2017 und Art. 6 Abs. 1 Uabs. 1 lit. f EU-DSGVO.<\/p>\n<p>Die Lichtenbergschule beh\u00e4lt sich eine Nutzung von nicht-personenbezogenen Daten aus Log-Dateien vor, wenn aufgrund bestimmter Tatsachen der begr\u00fcndete Verdacht besteht, dass Nutzerinnen oder Nutzer die Webseiten oder Dienste der Lichtenbergschule gesetzes- oder vertragswidrig nutzen. Aus Gr\u00fcnden der Datensicherheit (Aufkl\u00e4rung unerlaubter Zugriffe oder Verhinderung von Missbrauch der Internetseite) wird die vollst\u00e4ndige IP-Adresse des anfordernden Rechners erfasst, gespeichert und sieben Tage nach dem Ende des Zugriffs automatisch gel\u00f6scht.<\/p>\n<p>4.3 Bei Ihrer Kontaktaufnahme mit uns per E-Mail werden die von Ihnen mitgeteilten Daten (Ihre E-Mail-Adresse, ggf. Ihr Name und Ihre Telefonnummer) von uns gespeichert, um Ihre Fragen zu beantworten oder Ihr Anliegen zu bearbeiten. Rechtsgrundlage hierf\u00fcr ist Art. 6 Abs.1 Uabs. 1 lit. e EU-DSGVO i.V.m. \u00a7\u00a7 3 Abs.1 HDSIG, 72 SchulG HE 2017 oder Art. 6 Abs.1 Uabs. 1 lit. f EU-DSGVO. Die in diesem Zusammenhang anfallenden Daten l\u00f6schen wir, nachdem die Speicherung nicht mehr erforderlich ist, oder schr\u00e4nken die Verarbeitung ein, falls gesetzliche Aufbewahrungspflichten bestehen.<\/p>\n<p>4.4 Beim Login f\u00fcr den Zugang zum gesch\u00fctzten Bereich (Autorenlogin) werden Ihr Benutzername und Ihre Aktivit\u00e4ten (Erstellen oder \u00c4ndern von Beitr\u00e4gen) gespeichert. Rechtsgrundlage f\u00fcr die Speicherung dieser personenbezogenen Daten sind Art. 6 Abs. 1 Uabs. 1 lit. e EU-DSGVO i.V.m. \u00a7\u00a7 3 HDSIG, 72 SchulG HE 2017 und Art. 6 Abs. 1 Uabs. 1 lit. f EU-DSGVO.\u00a0Die Daten werden gel\u00f6scht, wenn sie f\u00fcr den Zweck der Arbeitskoordination nicht mehr erforderlich sind.<\/p>\n<p><strong>5. Cookies<\/strong><br \/>\nBei der Nutzung unserer Website werden Cookies auf Ihrem Rechner gespeichert. Bei Cookies handelt es sich um kleine Textdateien, die auf Ihrer Festplatte dem von Ihnen verwendeten Browser zugeordnet gespeichert werden und durch welche der Stelle, die den Cookie setzt (hier durch uns), bestimmte Informationen zuflie\u00dfen. Cookies k\u00f6nnen keine Programme ausf\u00fchren oder Viren auf Ihren Computer \u00fcbertragen. Sie sind erforderlich, um das Internetangebot insgesamt nutzerfreundlicher und effektiver zu machen. Cookies k\u00f6nnen einen Nutzer aber nicht direkt identifizieren.<br \/>\nDiese Website nutzt nur technisch notwendige Cookies. Zus\u00e4tzlich (opt-in) k\u00f6nnen Sie bei der Verfassung von Kommentaren zu Beitr\u00e4gen zustimmen, dass Ihre Daten f\u00fcr weitere, sp\u00e4tere Kommentierungen in Ihrem Browser gespeichert werden.<br \/>\nSie k\u00f6nnen \u00fcber Ihre Browsereinstellungen auch einzelne oder s\u00e4mtliche Cookies l\u00f6schen. Zus\u00e4tzlich haben Sie \u00fcber Ihre Browsereinstellungen die M\u00f6glichkeit, Cookies generell zu deaktivieren oder auf bestimmte Domains zu beschr\u00e4nken.<\/p>\n<p><strong>6. Ihre Rechte<\/strong><\/p>\n<p>6.1 Sie haben uns gegen\u00fcber folgende Rechte hinsichtlich der Sie betreffenden personenbezogenen Daten:<br \/>\n\u2022 Recht auf Auskunft,<br \/>\n\u2022 Recht auf Berichtigung oder L\u00f6schung,<br \/>\n\u2022 Recht auf Einschr\u00e4nkung der Verarbeitung,<br \/>\n\u2022 Recht auf Widerspruch gegen die Verarbeitung,<\/p>\n<p>6.2 Sie haben zudem das Recht, sich bei einer Datenschutz-Aufsichtsbeh\u00f6rde \u00fcber die Verarbeitung Ihrer personenbezogenen Daten durch uns zu beschweren. Die Datenschutzaufsichtsbeh\u00f6rde ist Der Hessische Beauftragte f\u00fcr Datenschutz und Informationsfreiheit, Postfach 3163, 65021 Wiesbaden.<\/p>\n<p>6.3 Werden personenbezogene Daten an ein Drittland oder an eine internationale Organisation \u00fcbermittelt, so haben Sie das Recht, \u00fcber die geeigneten Garantien gem\u00e4\u00df Art. 46 EU-DSGVO im Zusammenhang mit der \u00dcbermittlung unterrichtet zu werden.<\/p>\n<hr \/>\n<p>Letzte \u00c4nderung: 09.12.2024<\/p>\n<\/div>\n","protected":false},"excerpt":{"rendered":"<p>Datenschutzerkl\u00e4rung Diese Datenschutzerkl\u00e4rung kl\u00e4rt Sie \u00fcber den Umfang und den Zweck der Verarbeitung von personenbezogenen Daten im Rahmen unseres Onlineangebotes und die Dauer der Speicherung personenbezogener Daten auf. Im Hinblick auf die verwendeten Begrifflichkeiten, wie z.B. \u201eVerarbeitung\u201c oder \u201eVerantwortlicher\u201c verweisen wir auf die Definitionen im Art. 4 EU-Datenschutz-Grundverordnung (EU-DSGVO). 1. Geltungsbereich Diese Datenschutzhinweise gelten f\u00fcr <a href=\"https:\/\/www.luo-darmstadt.de\/schreibkunst\/datenschutz\/\" class=\"more-link\">...weiterlesen<span class=\"screen-reader-text\"> \"Datenschutzerkl\u00e4rung\"<\/span><\/a><\/p>\n","protected":false},"author":3,"featured_media":0,"parent":0,"menu_order":0,"comment_status":"closed","ping_status":"closed","template":"","meta":{"footnotes":""},"class_list":["post-809","page","type-page","status-publish","h-entry","hentry","h-as-page"],"_links":{"self":[{"href":"https:\/\/www.luo-darmstadt.de\/schreibkunst\/wp-json\/wp\/v2\/pages\/809","targetHints":{"allow":["GET"]}}],"collection":[{"href":"https:\/\/www.luo-darmstadt.de\/schreibkunst\/wp-json\/wp\/v2\/pages"}],"about":[{"href":"https:\/\/www.luo-darmstadt.de\/schreibkunst\/wp-json\/wp\/v2\/types\/page"}],"author":[{"embeddable":true,"href":"https:\/\/www.luo-darmstadt.de\/schreibkunst\/wp-json\/wp\/v2\/users\/3"}],"replies":[{"embeddable":true,"href":"https:\/\/www.luo-darmstadt.de\/schreibkunst\/wp-json\/wp\/v2\/comments?post=809"}],"version-history":[{"count":9,"href":"https:\/\/www.luo-darmstadt.de\/schreibkunst\/wp-json\/wp\/v2\/pages\/809\/revisions"}],"predecessor-version":[{"id":2457,"href":"https:\/\/www.luo-darmstadt.de\/schreibkunst\/wp-json\/wp\/v2\/pages\/809\/revisions\/2457"}],"wp:attachment":[{"href":"https:\/\/www.luo-darmstadt.de\/schreibkunst\/wp-json\/wp\/v2\/media?parent=809"}],"curies":[{"name":"wp","href":"https:\/\/api.w.org\/{rel}","templated":true}]}}