{"id":8,"date":"2016-12-09T21:57:38","date_gmt":"2016-12-09T20:57:38","guid":{"rendered":"http:\/\/www.luo-darmstadt.de\/schreibkunst\/?page_id=8"},"modified":"2019-05-20T21:28:27","modified_gmt":"2019-05-20T19:28:27","slug":"ueber","status":"publish","type":"page","link":"https:\/\/www.luo-darmstadt.de\/schreibkunst\/kontakt\/ueber\/","title":{"rendered":"\u00dcber Uns!"},"content":{"rendered":"<p>Projekt \"SchreibKunst\" ist ein hessenweites Angebot f\u00fcr alle weiterf\u00fchrenden Schulen im Bereich Hessen. Das Projekt \"SchreibKunst\" widmet sich der literarischen Bildung, wobei auch in der zweiten Auflage die Kreativit\u00e4tsf\u00f6rderung im Vordergrund steht. [...] Ein Austausch der am Projekt beteiligten Schulen aus Phase I und Phase II [...] k\u00f6nnen sich im Rahmen des Arbeitskreises Literarisch aktiver Schulen in Hessen austauschen. Sch\u00fcler\/innen, die an dem zweij\u00e4hrigen Projekt teilgenommen haben, erhalten eine [...] Urkunde.<\/p>\n<p>Zusammen mit <a href=\"https:\/\/www.schoeffling.de\/autoren\/silke-scheuermann\" target=\"blank\" rel=\"noopener noreferrer\"> Autorin Silke Scheuermann<\/a> treffen wir uns mehrmals im Jahr zum Schreiben, Lesen und nat\u00fcrlich auch zum Spa\u00df haben!<\/p>\n<p><u>Neugierig? -Dann klick' dich durch den Blog!<\/u><br \/>\nDu willst noch mehr erfahren?<br \/>\nBeitrag: <a href=\"https:\/\/kultusministerium.hessen.de\/pressearchiv\/pressemitteilung\/das-projekt-schreibkunst-foerdert-den-literarischen-nachwuchs-hessens\" target=\"blank\" rel=\"noopener noreferrer\">Das Projekt \u201eSchreibKunst\u201c f\u00f6rdert den literarischen Nachwuchs<\/a><br \/>\n<span style=\"color: white;\">Beitrag: <\/span><a href=\"https:\/\/kultusministerium.hessen.de\/pressearchiv\/pressemitteilung\/das-projekt-schreibkunst-foerdert-den-literarischen-nachwuchs-hessens\" target=\"blank\" rel=\"noopener noreferrer\">an Hessens Schulen<\/a><br \/>\n<span style=\"color: white;\">Beitrag: <\/span><a href=\"http:\/\/kultur.bildung.hessen.de\/literatur\/kooperationsprojekte\/index.html\">SchreibKunst - Landesprogramm<\/a><\/p>\n<p>Vorlage: <a href=\"http:\/\/kultur.bildung.hessen.de\/literatur\/kooperationsprojekte\/\" target=\"blank\" rel=\"noopener noreferrer\">SchreibKunst-Landesprogramm<\/a><br \/>\nBild: \u00a92017 Projekt \"SchreibKunst\"<\/p>\n","protected":false},"excerpt":{"rendered":"<p>Projekt \"SchreibKunst\" ist ein hessenweites Angebot f\u00fcr alle weiterf\u00fchrenden Schulen im Bereich Hessen. Das Projekt \"SchreibKunst\" widmet sich der literarischen Bildung, wobei auch in der zweiten Auflage die Kreativit\u00e4tsf\u00f6rderung im Vordergrund steht. [...] Ein Austausch der am Projekt beteiligten Schulen aus Phase I und Phase II [...] k\u00f6nnen sich im Rahmen des Arbeitskreises Literarisch aktiver <a href=\"https:\/\/www.luo-darmstadt.de\/schreibkunst\/kontakt\/ueber\/\" class=\"more-link\">...weiterlesen<span class=\"screen-reader-text\"> \"\u00dcber Uns!\"<\/span><\/a><\/p>\n","protected":false},"author":3,"featured_media":0,"parent":9,"menu_order":0,"comment_status":"closed","ping_status":"closed","template":"","meta":{"footnotes":""},"class_list":["post-8","page","type-page","status-publish","h-entry","hentry","h-as-page"],"_links":{"self":[{"href":"https:\/\/www.luo-darmstadt.de\/schreibkunst\/wp-json\/wp\/v2\/pages\/8","targetHints":{"allow":["GET"]}}],"collection":[{"href":"https:\/\/www.luo-darmstadt.de\/schreibkunst\/wp-json\/wp\/v2\/pages"}],"about":[{"href":"https:\/\/www.luo-darmstadt.de\/schreibkunst\/wp-json\/wp\/v2\/types\/page"}],"author":[{"embeddable":true,"href":"https:\/\/www.luo-darmstadt.de\/schreibkunst\/wp-json\/wp\/v2\/users\/3"}],"replies":[{"embeddable":true,"href":"https:\/\/www.luo-darmstadt.de\/schreibkunst\/wp-json\/wp\/v2\/comments?post=8"}],"version-history":[{"count":4,"href":"https:\/\/www.luo-darmstadt.de\/schreibkunst\/wp-json\/wp\/v2\/pages\/8\/revisions"}],"predecessor-version":[{"id":1643,"href":"https:\/\/www.luo-darmstadt.de\/schreibkunst\/wp-json\/wp\/v2\/pages\/8\/revisions\/1643"}],"up":[{"embeddable":true,"href":"https:\/\/www.luo-darmstadt.de\/schreibkunst\/wp-json\/wp\/v2\/pages\/9"}],"wp:attachment":[{"href":"https:\/\/www.luo-darmstadt.de\/schreibkunst\/wp-json\/wp\/v2\/media?parent=8"}],"curies":[{"name":"wp","href":"https:\/\/api.w.org\/{rel}","templated":true}]}}