{"id":662,"date":"2017-05-04T13:31:59","date_gmt":"2017-05-04T11:31:59","guid":{"rendered":"http:\/\/www.luo-darmstadt.de\/schreibkunst\/?page_id=662"},"modified":"2022-10-03T13:28:15","modified_gmt":"2022-10-03T11:28:15","slug":"jahr2014","status":"publish","type":"page","link":"https:\/\/www.luo-darmstadt.de\/schreibkunst\/literaturpreis\/jahr2014\/","title":{"rendered":"LuO-Literaturpreis 2014"},"content":{"rendered":"<p><span style=\"font-size: 30px;\"><b>\u00dcbersicht<\/b><\/span><\/p>\n<p><b>Jahrg\u00e4nge 5 &amp; 6<\/b><\/p>\n<p>1. Platz: Kristien Paschold - 6c: <a href=\"https:\/\/www.luo-darmstadt.de\/schreibkunst\/traum\/\">Traum<\/a><\/p>\n<p><b>Jahrg\u00e4nge 7 - 9<\/b><\/p>\n<p>--kein Inhalt--<\/p>\n<p><b>Jahrg\u00e4nge E - Q4<\/b><\/p>\n<p>--kein Inhalt--<\/p>\n","protected":false},"excerpt":{"rendered":"<p>\u00dcbersicht Jahrg\u00e4nge 5 &amp; 6 1. Platz: Kristien Paschold - 6c: Traum Jahrg\u00e4nge 7 - 9 --kein Inhalt-- Jahrg\u00e4nge E - Q4 --kein Inhalt--<\/p>\n","protected":false},"author":3,"featured_media":0,"parent":669,"menu_order":0,"comment_status":"closed","ping_status":"closed","template":"","meta":{"footnotes":""},"class_list":["post-662","page","type-page","status-publish","h-entry","hentry","h-as-page"],"_links":{"self":[{"href":"https:\/\/www.luo-darmstadt.de\/schreibkunst\/wp-json\/wp\/v2\/pages\/662","targetHints":{"allow":["GET"]}}],"collection":[{"href":"https:\/\/www.luo-darmstadt.de\/schreibkunst\/wp-json\/wp\/v2\/pages"}],"about":[{"href":"https:\/\/www.luo-darmstadt.de\/schreibkunst\/wp-json\/wp\/v2\/types\/page"}],"author":[{"embeddable":true,"href":"https:\/\/www.luo-darmstadt.de\/schreibkunst\/wp-json\/wp\/v2\/users\/3"}],"replies":[{"embeddable":true,"href":"https:\/\/www.luo-darmstadt.de\/schreibkunst\/wp-json\/wp\/v2\/comments?post=662"}],"version-history":[{"count":9,"href":"https:\/\/www.luo-darmstadt.de\/schreibkunst\/wp-json\/wp\/v2\/pages\/662\/revisions"}],"predecessor-version":[{"id":2238,"href":"https:\/\/www.luo-darmstadt.de\/schreibkunst\/wp-json\/wp\/v2\/pages\/662\/revisions\/2238"}],"up":[{"embeddable":true,"href":"https:\/\/www.luo-darmstadt.de\/schreibkunst\/wp-json\/wp\/v2\/pages\/669"}],"wp:attachment":[{"href":"https:\/\/www.luo-darmstadt.de\/schreibkunst\/wp-json\/wp\/v2\/media?parent=662"}],"curies":[{"name":"wp","href":"https:\/\/api.w.org\/{rel}","templated":true}]}}