{"id":653,"date":"2017-05-02T14:23:03","date_gmt":"2017-05-02T12:23:03","guid":{"rendered":"http:\/\/www.luo-darmstadt.de\/schreibkunst\/?page_id=653"},"modified":"2022-10-03T13:29:04","modified_gmt":"2022-10-03T11:29:04","slug":"jahr2017","status":"publish","type":"page","link":"https:\/\/www.luo-darmstadt.de\/schreibkunst\/literaturpreis\/jahr2017\/","title":{"rendered":"LuO-Literaturpreis 2017"},"content":{"rendered":"<p><span style=\"font-size: 30px;\"><b>\u00dcbersicht<\/b><\/span><\/p>\n<p><b>Jahrg\u00e4nge 5 &amp; 6<\/b><\/p>\n<p>--kein Inhalt--<\/p>\n<p><b>Jahrg\u00e4nge 7 - 9<\/b><\/p>\n<p>1. Platz: Carla Trapp - 8d: <a href=\"https:\/\/www.luo-darmstadt.de\/schreibkunst\/geschichte-werbinich\/\">Wer bin ich?<\/a><\/p>\n<p><b>Jahrg\u00e4nge E - Q4<\/b><\/p>\n<p>--kein Inhalt--<\/p>\n","protected":false},"excerpt":{"rendered":"<p>\u00dcbersicht Jahrg\u00e4nge 5 &amp; 6 --kein Inhalt-- Jahrg\u00e4nge 7 - 9 1. Platz: Carla Trapp - 8d: Wer bin ich? Jahrg\u00e4nge E - Q4 --kein Inhalt--<\/p>\n","protected":false},"author":3,"featured_media":0,"parent":669,"menu_order":0,"comment_status":"closed","ping_status":"closed","template":"","meta":{"footnotes":""},"class_list":["post-653","page","type-page","status-publish","h-entry","hentry","h-as-page"],"_links":{"self":[{"href":"https:\/\/www.luo-darmstadt.de\/schreibkunst\/wp-json\/wp\/v2\/pages\/653","targetHints":{"allow":["GET"]}}],"collection":[{"href":"https:\/\/www.luo-darmstadt.de\/schreibkunst\/wp-json\/wp\/v2\/pages"}],"about":[{"href":"https:\/\/www.luo-darmstadt.de\/schreibkunst\/wp-json\/wp\/v2\/types\/page"}],"author":[{"embeddable":true,"href":"https:\/\/www.luo-darmstadt.de\/schreibkunst\/wp-json\/wp\/v2\/users\/3"}],"replies":[{"embeddable":true,"href":"https:\/\/www.luo-darmstadt.de\/schreibkunst\/wp-json\/wp\/v2\/comments?post=653"}],"version-history":[{"count":8,"href":"https:\/\/www.luo-darmstadt.de\/schreibkunst\/wp-json\/wp\/v2\/pages\/653\/revisions"}],"predecessor-version":[{"id":2115,"href":"https:\/\/www.luo-darmstadt.de\/schreibkunst\/wp-json\/wp\/v2\/pages\/653\/revisions\/2115"}],"up":[{"embeddable":true,"href":"https:\/\/www.luo-darmstadt.de\/schreibkunst\/wp-json\/wp\/v2\/pages\/669"}],"wp:attachment":[{"href":"https:\/\/www.luo-darmstadt.de\/schreibkunst\/wp-json\/wp\/v2\/media?parent=653"}],"curies":[{"name":"wp","href":"https:\/\/api.w.org\/{rel}","templated":true}]}}