{"id":2231,"date":"2022-10-03T13:19:44","date_gmt":"2022-10-03T11:19:44","guid":{"rendered":"https:\/\/www.luo-darmstadt.de\/schreibkunst\/?page_id=2231"},"modified":"2022-10-04T19:16:46","modified_gmt":"2022-10-04T17:16:46","slug":"jahrgaenge-e-q4","status":"publish","type":"page","link":"https:\/\/www.luo-darmstadt.de\/schreibkunst\/literaturpreis\/jahr2022\/jahrgaenge-e-q4\/","title":{"rendered":"Jahrg\u00e4nge E &#8211; Q4"},"content":{"rendered":"<p><strong>1. Platz<\/strong>: Malak Aderounmu: <a href=\"https:\/\/www.luo-darmstadt.de\/schreibkunst\/malak-aderounmu-noch-ein-text-ueber-gefuehle\/\">noch ein text \u00fcber gef\u00fchle<\/a><\/p>\n<p><strong>2. Platz<\/strong>: Vivien Meyer: <a href=\"https:\/\/www.luo-darmstadt.de\/schreibkunst\/vivien-meyer-die-stimme\/\">Die Stimme<\/a><\/p>\n<p><strong>3. Platz<\/strong>: Tim Hechler: <a href=\"https:\/\/www.luo-darmstadt.de\/schreibkunst\/tim-hechler-die-hochhaeuser-schmolzen-hinter-ihm\/\">Die Hoch\u00e4user schmolzen hinter ihm<\/a><\/p>\n<p><strong>Sonderpreis Drama<\/strong>: Don Langer, Merlin Obst &amp; Frederik Schmid: <a href=\"https:\/\/www.luo-darmstadt.de\/schreibkunst\/don-langer-merlin-obst-frederik-schmid-grenzen-sind-zum-ueberschreiten-da\/\">Grenzen sind zum \u00dcberschreiten da<\/a><\/p>\n","protected":false},"excerpt":{"rendered":"<p>1. Platz: Malak Aderounmu: noch ein text \u00fcber gef\u00fchle 2. Platz: Vivien Meyer: Die Stimme 3. Platz: Tim Hechler: Die Hoch\u00e4user schmolzen hinter ihm Sonderpreis Drama: Don Langer, Merlin Obst &amp; Frederik Schmid: Grenzen sind zum \u00dcberschreiten da<\/p>\n","protected":false},"author":7,"featured_media":0,"parent":2197,"menu_order":0,"comment_status":"closed","ping_status":"closed","template":"","meta":{"footnotes":""},"class_list":["post-2231","page","type-page","status-publish","h-entry","hentry","h-as-page"],"_links":{"self":[{"href":"https:\/\/www.luo-darmstadt.de\/schreibkunst\/wp-json\/wp\/v2\/pages\/2231","targetHints":{"allow":["GET"]}}],"collection":[{"href":"https:\/\/www.luo-darmstadt.de\/schreibkunst\/wp-json\/wp\/v2\/pages"}],"about":[{"href":"https:\/\/www.luo-darmstadt.de\/schreibkunst\/wp-json\/wp\/v2\/types\/page"}],"author":[{"embeddable":true,"href":"https:\/\/www.luo-darmstadt.de\/schreibkunst\/wp-json\/wp\/v2\/users\/7"}],"replies":[{"embeddable":true,"href":"https:\/\/www.luo-darmstadt.de\/schreibkunst\/wp-json\/wp\/v2\/comments?post=2231"}],"version-history":[{"count":4,"href":"https:\/\/www.luo-darmstadt.de\/schreibkunst\/wp-json\/wp\/v2\/pages\/2231\/revisions"}],"predecessor-version":[{"id":2271,"href":"https:\/\/www.luo-darmstadt.de\/schreibkunst\/wp-json\/wp\/v2\/pages\/2231\/revisions\/2271"}],"up":[{"embeddable":true,"href":"https:\/\/www.luo-darmstadt.de\/schreibkunst\/wp-json\/wp\/v2\/pages\/2197"}],"wp:attachment":[{"href":"https:\/\/www.luo-darmstadt.de\/schreibkunst\/wp-json\/wp\/v2\/media?parent=2231"}],"curies":[{"name":"wp","href":"https:\/\/api.w.org\/{rel}","templated":true}]}}