{"id":1982,"date":"2021-06-04T12:10:38","date_gmt":"2021-06-04T10:10:38","guid":{"rendered":"https:\/\/www.luo-darmstadt.de\/schreibkunst\/?page_id=1982"},"modified":"2022-10-03T13:21:33","modified_gmt":"2022-10-03T11:21:33","slug":"englische-texte","status":"publish","type":"page","link":"https:\/\/www.luo-darmstadt.de\/schreibkunst\/literaturpreis\/luo-literaturpreis-2021\/englische-texte\/","title":{"rendered":"Englische Texte"},"content":{"rendered":"<p><img loading=\"lazy\" decoding=\"async\" class=\"alignnone size-medium wp-image-1951\" src=\"https:\/\/www.luo-darmstadt.de\/schreibkunst\/wp-content\/uploads\/2021\/06\/Plakat-verschiedene-Versionen-8-300x232.jpg\" alt=\"\" width=\"300\" height=\"232\" srcset=\"https:\/\/www.luo-darmstadt.de\/schreibkunst\/wp-content\/uploads\/2021\/06\/Plakat-verschiedene-Versionen-8-300x232.jpg 300w, https:\/\/www.luo-darmstadt.de\/schreibkunst\/wp-content\/uploads\/2021\/06\/Plakat-verschiedene-Versionen-8-1024x793.jpg 1024w, https:\/\/www.luo-darmstadt.de\/schreibkunst\/wp-content\/uploads\/2021\/06\/Plakat-verschiedene-Versionen-8-768x595.jpg 768w, https:\/\/www.luo-darmstadt.de\/schreibkunst\/wp-content\/uploads\/2021\/06\/Plakat-verschiedene-Versionen-8-1536x1189.jpg 1536w, https:\/\/www.luo-darmstadt.de\/schreibkunst\/wp-content\/uploads\/2021\/06\/Plakat-verschiedene-Versionen-8-2048x1586.jpg 2048w, https:\/\/www.luo-darmstadt.de\/schreibkunst\/wp-content\/uploads\/2021\/06\/Plakat-verschiedene-Versionen-8-960x743.jpg 960w\" sizes=\"auto, (max-width: 300px) 100vw, 300px\" \/> <span style=\"color: #99ccff;\"><em><strong>Everything Different<\/strong><\/em><\/span><\/p>\n<p>In diesem Jahr hatten wir erstmals englischsprachige Texte beim Literaturpreis dabei. Insgesamt 10 Sch\u00fclerinnen und Sch\u00fcler er LuO haben die Chance ergriffen und englische Texte abgegeben.<\/p>\n<p>Besonders freuen wir uns \u00fcber die Beitr\u00e4ge aus der Intensivklasse, von denen wir drei pr\u00e4miert haben.<\/p>\n<p>Aus einer neunten Klasse haben wir zwei Lyrik-Beitr\u00e4ge pr\u00e4miert.<\/p>\n<h5>Congatulations to all the winners! It's great that you took the opportunity to hand in your texts!<\/h5>\n<p>&nbsp;<\/p>\n<p><strong>2. Platz I: <\/strong><a>Jordan Stojanovski:\u00a0<\/a><a href=\"https:\/\/www.luo-darmstadt.de\/schreibkunst\/jordan-stojanovski-how-things-are-different\/\">How\u00a0things\u00a0are\u00a0different<\/a><br \/>\n<strong>2. Platz II: <\/strong><a>Netania Martinez: <\/a><a href=\"https:\/\/www.luo-darmstadt.de\/schreibkunst\/netania-martinez-everything-different\/\">Everything\u00a0different<\/a><br \/>\n<strong>2. Platz III: <\/strong><a>Shaurya Palaparthy:\u00a0<\/a><a href=\"https:\/\/www.luo-darmstadt.de\/schreibkunst\/shaurya-palaparthy-everything-different\/\">Everything\u00a0different<\/a><br \/>\n<strong>Lyrik-Preis I: <\/strong><a>Beatriz Bromberg Baldo Carvalho: <\/a><a href=\"https:\/\/www.luo-darmstadt.de\/schreibkunst\/beatriz-bromberg-baldo-carvalho-everything-different\/\">Everything\u00a0different<\/a><br \/>\n<strong>Lyrik-Preis II:<\/strong> <a>Lara Akay: <\/a><a href=\"https:\/\/www.luo-darmstadt.de\/schreibkunst\/lara-akay-everything-different-lyrik\/\">Everything different<\/a><\/p>\n","protected":false},"excerpt":{"rendered":"<p>Everything Different In diesem Jahr hatten wir erstmals englischsprachige Texte beim Literaturpreis dabei. Insgesamt 10 Sch\u00fclerinnen und Sch\u00fcler er LuO haben die Chance ergriffen und englische Texte abgegeben. Besonders freuen wir uns \u00fcber die Beitr\u00e4ge aus der Intensivklasse, von denen wir drei pr\u00e4miert haben. Aus einer neunten Klasse haben wir zwei Lyrik-Beitr\u00e4ge pr\u00e4miert. Congatulations to <a href=\"https:\/\/www.luo-darmstadt.de\/schreibkunst\/literaturpreis\/luo-literaturpreis-2021\/englische-texte\/\" class=\"more-link\">...weiterlesen<span class=\"screen-reader-text\"> \"Englische Texte\"<\/span><\/a><\/p>\n","protected":false},"author":7,"featured_media":0,"parent":1811,"menu_order":0,"comment_status":"closed","ping_status":"closed","template":"","meta":{"footnotes":""},"class_list":["post-1982","page","type-page","status-publish","h-entry","hentry","h-as-page"],"_links":{"self":[{"href":"https:\/\/www.luo-darmstadt.de\/schreibkunst\/wp-json\/wp\/v2\/pages\/1982","targetHints":{"allow":["GET"]}}],"collection":[{"href":"https:\/\/www.luo-darmstadt.de\/schreibkunst\/wp-json\/wp\/v2\/pages"}],"about":[{"href":"https:\/\/www.luo-darmstadt.de\/schreibkunst\/wp-json\/wp\/v2\/types\/page"}],"author":[{"embeddable":true,"href":"https:\/\/www.luo-darmstadt.de\/schreibkunst\/wp-json\/wp\/v2\/users\/7"}],"replies":[{"embeddable":true,"href":"https:\/\/www.luo-darmstadt.de\/schreibkunst\/wp-json\/wp\/v2\/comments?post=1982"}],"version-history":[{"count":12,"href":"https:\/\/www.luo-darmstadt.de\/schreibkunst\/wp-json\/wp\/v2\/pages\/1982\/revisions"}],"predecessor-version":[{"id":2233,"href":"https:\/\/www.luo-darmstadt.de\/schreibkunst\/wp-json\/wp\/v2\/pages\/1982\/revisions\/2233"}],"up":[{"embeddable":true,"href":"https:\/\/www.luo-darmstadt.de\/schreibkunst\/wp-json\/wp\/v2\/pages\/1811"}],"wp:attachment":[{"href":"https:\/\/www.luo-darmstadt.de\/schreibkunst\/wp-json\/wp\/v2\/media?parent=1982"}],"curies":[{"name":"wp","href":"https:\/\/api.w.org\/{rel}","templated":true}]}}