{"id":1811,"date":"2021-05-12T19:51:05","date_gmt":"2021-05-12T17:51:05","guid":{"rendered":"https:\/\/www.luo-darmstadt.de\/schreibkunst\/?page_id=1811"},"modified":"2022-10-03T13:24:45","modified_gmt":"2022-10-03T11:24:45","slug":"luo-literaturpreis-2021","status":"publish","type":"page","link":"https:\/\/www.luo-darmstadt.de\/schreibkunst\/literaturpreis\/luo-literaturpreis-2021\/","title":{"rendered":"LuO-Literaturpreis 2021"},"content":{"rendered":"<h1><img loading=\"lazy\" decoding=\"async\" class=\"alignnone size-medium wp-image-1951\" src=\"https:\/\/www.luo-darmstadt.de\/schreibkunst\/wp-content\/uploads\/2021\/06\/Plakat-verschiedene-Versionen-8-300x232.jpg\" alt=\"\" width=\"300\" height=\"232\" srcset=\"https:\/\/www.luo-darmstadt.de\/schreibkunst\/wp-content\/uploads\/2021\/06\/Plakat-verschiedene-Versionen-8-300x232.jpg 300w, https:\/\/www.luo-darmstadt.de\/schreibkunst\/wp-content\/uploads\/2021\/06\/Plakat-verschiedene-Versionen-8-1024x793.jpg 1024w, https:\/\/www.luo-darmstadt.de\/schreibkunst\/wp-content\/uploads\/2021\/06\/Plakat-verschiedene-Versionen-8-768x595.jpg 768w, https:\/\/www.luo-darmstadt.de\/schreibkunst\/wp-content\/uploads\/2021\/06\/Plakat-verschiedene-Versionen-8-1536x1189.jpg 1536w, https:\/\/www.luo-darmstadt.de\/schreibkunst\/wp-content\/uploads\/2021\/06\/Plakat-verschiedene-Versionen-8-2048x1586.jpg 2048w, https:\/\/www.luo-darmstadt.de\/schreibkunst\/wp-content\/uploads\/2021\/06\/Plakat-verschiedene-Versionen-8-960x743.jpg 960w\" sizes=\"auto, (max-width: 300px) 100vw, 300px\" \/><\/h1>\n<h1 class=\"entry-title\"><span style=\"font-size: 1.25rem; font-weight: bold;\">\u00dcbersicht<\/span><\/h1>\n<h5>Jahrg\u00e4nge 5 &amp; 6<\/h5>\n<p><strong>1. Platz:<\/strong> Salam Srour: <a href=\"https:\/\/www.luo-darmstadt.de\/schreibkunst\/salam-srour-die-schnelle-flucht\/\">Die schnelle Flucht<\/a><br \/>\n<strong>2. Platz I:<\/strong> Andras M\u00fcllner: <a href=\"https:\/\/www.luo-darmstadt.de\/schreibkunst\/andras-muellner-alles-anders\/\">Alles Anders<\/a><br \/>\n<strong>2. Platz II:<\/strong> Tom Schmidt: <a href=\"https:\/\/www.luo-darmstadt.de\/schreibkunst\/tom-schmidt-alles-anders-eine-biografie-des-coronavirus\/\">Eine Biografie des\u00a0Coronavirus<\/a><br \/>\n<strong>3. Platz: <\/strong><span data-contrast=\"none\">Daniel Kovacs: <a href=\"https:\/\/www.luo-darmstadt.de\/schreibkunst\/daniel-kovacs-einen-tag-18\/\">Einen Tag 18\u00a0<\/a><\/span><br \/>\n<strong>Lyrik-Preis:<\/strong>Perisa Hussaini und Ylvie Sipkema: <a>Alles anders<\/a><\/p>\n<h5>Jahrg\u00e4nge 7 - 9<\/h5>\n<p><strong>1. Platz:<\/strong> Rafael As: <a href=\"https:\/\/www.luo-darmstadt.de\/schreibkunst\/rafael-as-das-tagebuch\/\">Das Tagebuch<\/a><br \/>\n<strong>2. Platz:<\/strong> Lilly Garcenbiller: <a href=\"https:\/\/www.luo-darmstadt.de\/schreibkunst\/lilly-garcenbiller-ohne-titel-2-platz\/\">(ohne Titel)<\/a><br \/>\n<strong>3. Platz:<\/strong> Ella Ziegert: <a href=\"https:\/\/www.luo-darmstadt.de\/schreibkunst\/ella-ziegert-von-den-glaesernen-mauern-der-existenz-3-platz\/\">Von den gl\u00e4sernen Mauern der Existenz<\/a><br \/>\n<strong>3. Platz:<\/strong> Maria Kirsch: <a href=\"https:\/\/www.luo-darmstadt.de\/schreibkunst\/maria-kirsch-zur-gleichen-zeit-3-platz\/\">Zur gleichen Zeit<\/a><br \/>\n<strong>Lyrik:<\/strong> Katharina Watzel: <a href=\"https:\/\/www.luo-darmstadt.de\/schreibkunst\/katharin-watzel-alles-anders\/\">Alles anders<\/a><\/p>\n<h5>Jahrg\u00e4nge E - Q4<\/h5>\n<p><strong>1. Platz:<\/strong> Maria Orekhova: <a href=\"https:\/\/www.luo-darmstadt.de\/schreibkunst\/maria-orekhova-alles-anders-1-platz\/\">Alles anders<\/a><br \/>\n<strong>2. Platz:<\/strong> Malak Aderounmu: <a href=\"https:\/\/www.luo-darmstadt.de\/schreibkunst\/malak-aderounmu-etwas-das-sich-wie-aus-einem-anderen-leben-anfuehlt-2-platz\/\">Etwas, das sich wie aus einem anderen Leben anf\u00fchlt<\/a><br \/>\n<strong>3. Platz:<\/strong> Justin Heller: <a href=\"https:\/\/www.luo-darmstadt.de\/schreibkunst\/justin-heller-alles-ist-anders-3-platz\/\">Alles ist anders<\/a><br \/>\n<strong>3. Platz:<\/strong> Yuting Wang: <a href=\"https:\/\/www.luo-darmstadt.de\/schreibkunst\/yuting-wang-das-fenster-3-platz\/\">Das Fenster<\/a><br \/>\n<strong>Lyrik:<\/strong> Angelina Wehner: <a href=\"https:\/\/www.luo-darmstadt.de\/schreibkunst\/angelina-wehner-alles-anders-lyrik\/\">Alles anders<\/a><\/p>\n<h5>Englische Texte (IK - Klasse &amp; 9)<\/h5>\n<p><strong>2. Platz I: <\/strong><a>Jordan Stojanovski:\u00a0<\/a><a href=\"https:\/\/www.luo-darmstadt.de\/schreibkunst\/jordan-stojanovski-how-things-are-different\/\">How\u00a0things\u00a0are\u00a0different<\/a><br \/>\n<strong>2. Platz II: <\/strong><a>Netania Martinez: <\/a><a href=\"https:\/\/www.luo-darmstadt.de\/schreibkunst\/netania-martinez-everything-different\/\">Everything\u00a0different<\/a><br \/>\n<strong>2. Platz III: <\/strong><a>Shaurya Palaparthy:\u00a0<\/a><a href=\"https:\/\/www.luo-darmstadt.de\/schreibkunst\/shaurya-palaparthy-everything-different\/\">Everything\u00a0different<\/a><br \/>\n<strong>Lyrik-Preis I: <\/strong><a>Beatriz Bromberg Baldo Carvalho: <\/a><a href=\"https:\/\/www.luo-darmstadt.de\/schreibkunst\/beatriz-bromberg-baldo-carvalho-everything-different\/\">Everything\u00a0different<\/a><br \/>\n<strong>Lyrik-Preis II:<\/strong> <a>Lara Akay: <\/a><a href=\"https:\/\/www.luo-darmstadt.de\/schreibkunst\/lara-akay-everything-different-lyrik\/\">Everything different<\/a><\/p>\n","protected":false},"excerpt":{"rendered":"<p>\u00dcbersicht Jahrg\u00e4nge 5 &amp; 6 1. Platz: Salam Srour: Die schnelle Flucht 2. Platz I: Andras M\u00fcllner: Alles Anders 2. Platz II: Tom Schmidt: Eine Biografie des\u00a0Coronavirus 3. Platz: Daniel Kovacs: Einen Tag 18\u00a0 Lyrik-Preis:Perisa Hussaini und Ylvie Sipkema: Alles anders Jahrg\u00e4nge 7 - 9 1. Platz: Rafael As: Das Tagebuch 2. Platz: Lilly Garcenbiller: <a href=\"https:\/\/www.luo-darmstadt.de\/schreibkunst\/literaturpreis\/luo-literaturpreis-2021\/\" class=\"more-link\">...weiterlesen<span class=\"screen-reader-text\"> \"LuO-Literaturpreis 2021\"<\/span><\/a><\/p>\n","protected":false},"author":7,"featured_media":0,"parent":669,"menu_order":0,"comment_status":"closed","ping_status":"closed","template":"","meta":{"footnotes":""},"class_list":["post-1811","page","type-page","status-publish","h-entry","hentry","h-as-page"],"_links":{"self":[{"href":"https:\/\/www.luo-darmstadt.de\/schreibkunst\/wp-json\/wp\/v2\/pages\/1811","targetHints":{"allow":["GET"]}}],"collection":[{"href":"https:\/\/www.luo-darmstadt.de\/schreibkunst\/wp-json\/wp\/v2\/pages"}],"about":[{"href":"https:\/\/www.luo-darmstadt.de\/schreibkunst\/wp-json\/wp\/v2\/types\/page"}],"author":[{"embeddable":true,"href":"https:\/\/www.luo-darmstadt.de\/schreibkunst\/wp-json\/wp\/v2\/users\/7"}],"replies":[{"embeddable":true,"href":"https:\/\/www.luo-darmstadt.de\/schreibkunst\/wp-json\/wp\/v2\/comments?post=1811"}],"version-history":[{"count":18,"href":"https:\/\/www.luo-darmstadt.de\/schreibkunst\/wp-json\/wp\/v2\/pages\/1811\/revisions"}],"predecessor-version":[{"id":2073,"href":"https:\/\/www.luo-darmstadt.de\/schreibkunst\/wp-json\/wp\/v2\/pages\/1811\/revisions\/2073"}],"up":[{"embeddable":true,"href":"https:\/\/www.luo-darmstadt.de\/schreibkunst\/wp-json\/wp\/v2\/pages\/669"}],"wp:attachment":[{"href":"https:\/\/www.luo-darmstadt.de\/schreibkunst\/wp-json\/wp\/v2\/media?parent=1811"}],"curies":[{"name":"wp","href":"https:\/\/api.w.org\/{rel}","templated":true}]}}