{"id":1411,"date":"2018-10-15T13:06:46","date_gmt":"2018-10-15T11:06:46","guid":{"rendered":"http:\/\/www.luo-darmstadt.de\/schreibkunst\/?page_id=1411"},"modified":"2019-06-24T10:31:28","modified_gmt":"2019-06-24T08:31:28","slug":"buch","status":"publish","type":"page","link":"https:\/\/www.luo-darmstadt.de\/schreibkunst\/buch\/","title":{"rendered":"Unser Buch: Freiheit sucht Weg"},"content":{"rendered":"<p>Seit dem 15.Oktober 2018 ist das Buch \"<span style=\"color:orange\">Mal ist da eine Steinschicht \u00fcber meinem Herzen, mal ist sie da nicht oder Freiheit sucht Weg<\/span>\" \u00fcberall erh\u00e4ltlich. Um einen potentiellen Kauf zu erleichtern, befindet sich nachfolgend Links zu verschiedenen Webseiten. Dennoch bleibt es jedem selbst \u00fcberlassen, wo das Buch gekauft wird, denn wir erzielen keinen Gewinn durch das Verlinken.<\/p>\n<ul>\n<li>\u00dcber Thalia einkaufen: <a href=\"https:\/\/www.thalia.de\/shop\/home\/artikeldetails\/ID127299226.html\" target\"blank\">hier klicken<\/a><\/li>\n<li>\u00dcber Hugendubel einkaufen: <a href=\"https:\/\/www.hugendubel.de\/de\/buch\/r_alexander_lorz_michael_reckhard_projekt_schreibkunst-mal_ist_da_diese_steinschicht_ueber_meinem_herzen_mal_ist_sie_da_nicht_oder_freiheit_sucht_weg-33376298-produkt-details.html?internal-rewrite=true\">hier klicken<\/a><\/li>\n<li>\u00dcber Amazon einkaufen: <a href=\"https:\/\/www.amazon.de\/diese-Steinschicht-meinem-Herzen-Freiheit\/dp\/3945400589\" target\"blank\">hier klicken<\/a><\/li>\n<\/ul>\n<p><i>Alternativ n\u00fctzen folgende Angabe beim n\u00e4chsten Gang zur Buchhandlung:<\/i><br \/>\n<span style=\"color:orange\"><b>Freiheit sucht Weg<\/span><\/b><br \/>\nSchreibKunst - Sch\u00fcler schreiben mit Autoren<br \/>\nHerausgegeben von Erika Schellenberger - Diederich<br \/>\nEtwa 250 Seiten. Mit farbigen Abbildungen<br \/>\nBroschur. \u20ac 18,-<br \/>\nISBN: 978-3-945400-58-6<\/p>\n<p><\/p>\n<p><b>Vom Projekt zum fertigen Buch - Geschichte<\/b><\/p>\n<div style=\"text-align:center\"><i>Sommer 2018<\/i><br \/>\n&darr;<br \/>\n<span style=\"font-family:Comic Sans MS\">Gro\u00dfe Dinge k\u00fcndigen sich an!<\/span><br \/>\n<span style=\"color:#01A9DB\">Das <a href=\"https:\/\/issuu.com\/editionfaust\/docs\/editionfaust_2.halbjahr2018\" target=\"blank\" rel=\"noopener noreferrer\">Verlagsprospekt der Edition Faust<\/a> mit der Ank\u00fcndigung der SchreibKunstpublikation ist da! Wie aufregend zu sehen, in welcher \"Autorengesellschaft\" wir uns befinden!<\/span><br \/>\n<span style=\"color:gold\"><b>Wir sind sehr gespannt auf das fertige Buch!<\/span><\/b><br \/>\n&darr;<br \/>\n<i>10.Oktober -14.Oktober 2018<\/i><br \/>\n&darr;<br \/>\n<span style=\"color:green\">Jetzt schon zum \"<b>Anfassen<\/b>\" auf der <i>Frankfurter Buchmesse 2018<\/span><\/i><br \/>\n&darr;<br \/>\n<i>13.10.2018<\/i><br \/>\n&darr;<br \/>\n<span style=\"color:#F781F3\">Buchvorstellung der SchreibKunstanthologie mit Sch\u00fcler-Autoren Lesung auf der Buchmesse! Der Ablauf der Vorstellung kann <a href=\"https:\/\/kultur.bildung.hessen.de\/literatur\/kooperationsprojekte\/buchmesse_buchvorstellung_13.10.2018.pdf\" target=\"blank\" rel=\"noopener noreferrer\">hier<\/a> eingesehen werden. Die Pr\u00e4sentation hingegen darf <a href=\"https:\/\/hessentrend.de\/wp-content\/uploads\/2018\/10\/Praesentation_SchreibKunst_LuO%20Buchmesse_20181013.pdf\">hier<\/a> (nochmal) angesehen werden.<\/div>\n<p><\/span><\/p>\n<p>Bericht: Freiheit sucht Weg - und findet ihn!<\/p>\n<p>Die SchreibKunst-Anthologie \"Mal ist da eine Steinschicht \u00fcber meinem Herzen, mal ist sie da nicht - Freiheit sucht Weg\" des SchreibKunstprojekts ist am Samstag, dem 13.10.2018, auf der Buchmesse in Frankfurt ver\u00f6ffentlicht und vorgestellt worden!<\/p>\n<p>12 Sch\u00fcler*innen waren als Vertreter*Innen des Projekts vor Ort und konnten das \"leibhaftige[...] Buch-Ergebnis\" ( Zitat der Schirmherrin Eva Demski) unter Moderation von Silke Scheuermann und Dalibor Markowic vor gro\u00dfem Publikum vorstellen. Und sp\u00e4ter -bunt auf wei\u00df- an sich dr\u00fccken, darin lesen und stolz nach Hause tragen!<br \/>\n<!--\n[caption width=\"800\" align=\"aligncenter\"] In Halle 4.1 am Stand G71 der Frankfurter Buchmesse gab es schon das Buch vor Ver\u00f6ffentlichung zum \"Anfassen\"[\/caption]--><\/p>\n","protected":false},"excerpt":{"rendered":"<p>Seit dem 15.Oktober 2018 ist das Buch \"Mal ist da eine Steinschicht \u00fcber meinem Herzen, mal ist sie da nicht oder Freiheit sucht Weg\" \u00fcberall erh\u00e4ltlich. Um einen potentiellen Kauf zu erleichtern, befindet sich nachfolgend Links zu verschiedenen Webseiten. Dennoch bleibt es jedem selbst \u00fcberlassen, wo das Buch gekauft wird, denn wir erzielen keinen Gewinn <a href=\"https:\/\/www.luo-darmstadt.de\/schreibkunst\/buch\/\" class=\"more-link\">...weiterlesen<span class=\"screen-reader-text\"> \"Unser Buch: Freiheit sucht Weg\"<\/span><\/a><\/p>\n","protected":false},"author":3,"featured_media":0,"parent":0,"menu_order":0,"comment_status":"closed","ping_status":"closed","template":"","meta":{"footnotes":""},"class_list":["post-1411","page","type-page","status-publish","h-entry","hentry","h-as-page"],"_links":{"self":[{"href":"https:\/\/www.luo-darmstadt.de\/schreibkunst\/wp-json\/wp\/v2\/pages\/1411","targetHints":{"allow":["GET"]}}],"collection":[{"href":"https:\/\/www.luo-darmstadt.de\/schreibkunst\/wp-json\/wp\/v2\/pages"}],"about":[{"href":"https:\/\/www.luo-darmstadt.de\/schreibkunst\/wp-json\/wp\/v2\/types\/page"}],"author":[{"embeddable":true,"href":"https:\/\/www.luo-darmstadt.de\/schreibkunst\/wp-json\/wp\/v2\/users\/3"}],"replies":[{"embeddable":true,"href":"https:\/\/www.luo-darmstadt.de\/schreibkunst\/wp-json\/wp\/v2\/comments?post=1411"}],"version-history":[{"count":44,"href":"https:\/\/www.luo-darmstadt.de\/schreibkunst\/wp-json\/wp\/v2\/pages\/1411\/revisions"}],"predecessor-version":[{"id":1684,"href":"https:\/\/www.luo-darmstadt.de\/schreibkunst\/wp-json\/wp\/v2\/pages\/1411\/revisions\/1684"}],"wp:attachment":[{"href":"https:\/\/www.luo-darmstadt.de\/schreibkunst\/wp-json\/wp\/v2\/media?parent=1411"}],"curies":[{"name":"wp","href":"https:\/\/api.w.org\/{rel}","templated":true}]}}