{"id":1061,"date":"2018-06-14T15:46:40","date_gmt":"2018-06-14T13:46:40","guid":{"rendered":"http:\/\/www.luo-darmstadt.de\/schreibkunst\/?page_id=1061"},"modified":"2018-07-10T16:19:56","modified_gmt":"2018-07-10T14:19:56","slug":"tierlyrik","status":"publish","type":"page","link":"https:\/\/www.luo-darmstadt.de\/schreibkunst\/tierlyrik\/","title":{"rendered":"Tierlyrik"},"content":{"rendered":"<p><span style=\"font-size:30px\"><b>\u00dcbersicht<\/span><\/b><\/p>\n<p>Sarah Rahman - 5: <a href=\"http:\/\/www.luo-darmstadt.de\/schreibkunst\/adler_sarah_rahman\/\">Adler<\/a><br \/>\nPhoebe Baumgarten - 6: <a href=\"http:\/\/www.luo-darmstadt.de\/schreibkunst\/das-kaenguru-phoebe-baumgarten\/\">Das K\u00e4nguru<\/a><br \/>\nSophia B\u00f6cker - 6: <a href=\"http:\/\/www.luo-darmstadt.de\/schreibkunst\/der-wolf-sophia-boecker\/\">Der Wolf<\/a><br \/>\nVivien Ruby - 6: <a href=\"http:\/\/www.luo-darmstadt.de\/schreibkunst\/der-bruellaffe-vivien-ruby\/\">Der Br\u00fcllaffe<\/a><br \/>\nVivien Ruby - 6: <a href=\"http:\/\/www.luo-darmstadt.de\/schreibkunst\/der-pinguin-vivien-ruby\/\">Der Pinguin<\/a><br \/>\nNandin Enkhbold - 6: <a href=\"http:\/\/www.luo-darmstadt.de\/schreibkunst\/zwei-seiten-einer-katze-nandin-enkhbold\/\">Zwei Seiten einer Katze<\/a><br \/>\nClara Drewelies - 7f: <a href=\"http:\/\/www.luo-darmstadt.de\/schreibkunst\/der-loewe-clara-drewelies\/\">Der L\u00f6we<\/a><br \/>\nYann Hendrickx - 7f: <a href=\"http:\/\/www.luo-darmstadt.de\/schreibkunst\/das-chamaeleon-yann-hendrickx\/\">Das Cham\u00e4leon<\/a><br \/>\nBeatrice Br\u00e4uer - Q1: <a href=\"http:\/\/www.luo-darmstadt.de\/schreibkunst\/der-elch-beatrice-braeuer\/\">Der Elch<\/a><br \/>\nVanessa Fr\u00f6hlich - Q1: <a href=\"http:\/\/www.luo-darmstadt.de\/schreibkunst\/der-goldfisch-vanessa-froehlich\/\">Der Goldfisch<\/a><br \/>\nFrancesca Fiedler - Q2: <a href=\"http:\/\/www.luo-darmstadt.de\/schreibkunst\/das-eichhoernchen-francesca-fiedler\/\">Das Eichh\u00f6rnchen<\/a><\/p>\n","protected":false},"excerpt":{"rendered":"<p>\u00dcbersicht Sarah Rahman - 5: Adler Phoebe Baumgarten - 6: Das K\u00e4nguru Sophia B\u00f6cker - 6: Der Wolf Vivien Ruby - 6: Der Br\u00fcllaffe Vivien Ruby - 6: Der Pinguin Nandin Enkhbold - 6: Zwei Seiten einer Katze Clara Drewelies - 7f: Der L\u00f6we Yann Hendrickx - 7f: Das Cham\u00e4leon Beatrice Br\u00e4uer - Q1: Der <a href=\"https:\/\/www.luo-darmstadt.de\/schreibkunst\/tierlyrik\/\" class=\"more-link\">...weiterlesen<span class=\"screen-reader-text\"> \"Tierlyrik\"<\/span><\/a><\/p>\n","protected":false},"author":3,"featured_media":0,"parent":0,"menu_order":0,"comment_status":"closed","ping_status":"closed","template":"","meta":{"footnotes":""},"class_list":["post-1061","page","type-page","status-publish","h-entry","hentry","h-as-page"],"_links":{"self":[{"href":"https:\/\/www.luo-darmstadt.de\/schreibkunst\/wp-json\/wp\/v2\/pages\/1061","targetHints":{"allow":["GET"]}}],"collection":[{"href":"https:\/\/www.luo-darmstadt.de\/schreibkunst\/wp-json\/wp\/v2\/pages"}],"about":[{"href":"https:\/\/www.luo-darmstadt.de\/schreibkunst\/wp-json\/wp\/v2\/types\/page"}],"author":[{"embeddable":true,"href":"https:\/\/www.luo-darmstadt.de\/schreibkunst\/wp-json\/wp\/v2\/users\/3"}],"replies":[{"embeddable":true,"href":"https:\/\/www.luo-darmstadt.de\/schreibkunst\/wp-json\/wp\/v2\/comments?post=1061"}],"version-history":[{"count":4,"href":"https:\/\/www.luo-darmstadt.de\/schreibkunst\/wp-json\/wp\/v2\/pages\/1061\/revisions"}],"predecessor-version":[{"id":1215,"href":"https:\/\/www.luo-darmstadt.de\/schreibkunst\/wp-json\/wp\/v2\/pages\/1061\/revisions\/1215"}],"wp:attachment":[{"href":"https:\/\/www.luo-darmstadt.de\/schreibkunst\/wp-json\/wp\/v2\/media?parent=1061"}],"curies":[{"name":"wp","href":"https:\/\/api.w.org\/{rel}","templated":true}]}}