{"id":1046,"date":"2018-06-14T15:43:25","date_gmt":"2018-06-14T13:43:25","guid":{"rendered":"http:\/\/www.luo-darmstadt.de\/schreibkunst\/?page_id=1046"},"modified":"2018-07-11T16:25:03","modified_gmt":"2018-07-11T14:25:03","slug":"flucht","status":"publish","type":"page","link":"https:\/\/www.luo-darmstadt.de\/schreibkunst\/flucht\/","title":{"rendered":"Flucht"},"content":{"rendered":"<p><span style=\"font-size:30px\"><b>\u00dcbersicht<\/span><\/b><\/p>\n<p><b>Fahtima Seyzerbo<\/b> - 6: <a href=\"http:\/\/www.luo-darmstadt.de\/schreibkunst\/rezension-djadi-fluechtlingsjunge-peter-haertling\/\">Rezension: Djadi Fl\u00fcchtlingsjunge - Peter H\u00e4rtling<\/a><br \/>\n<b>Paulina Dauth<\/b> - 7b: <a href=\"http:\/\/www.luo-darmstadt.de\/schreibkunst\/wieso\/\">Wieso?<\/a><br \/>\n<b>Anna-Pauline Gutzeit<\/b> - 8a: <a href=\"http:\/\/www.luo-darmstadt.de\/schreibkunst\/maylas-morgen\/\">Mayla's Morgen<\/a><br \/>\n<b>Lilian Scharnke<\/b> - 9: <a href=\"http:\/\/www.luo-darmstadt.de\/schreibkunst\/interview-flucht-nach-europa\/\">Interview: Flucht nach Europa<\/a><br \/>\n<b>Nils Sch\u00e4fer<\/b> - 9: <a href=\"http:\/\/www.luo-darmstadt.de\/schreibkunst\/wenig-steuern-zahlen\/\">Wenig Steuern zahlen<\/a><br \/>\n<b>F\u00e1tima Haji<\/b>: <a href=\"http:\/\/www.luo-darmstadt.de\/schreibkunst\/bericht-viele-schulen-ein-buch\/\">Bericht: Viele Schulen - ein Buch<\/a><\/p>\n","protected":false},"excerpt":{"rendered":"<p>\u00dcbersicht Fahtima Seyzerbo - 6: Rezension: Djadi Fl\u00fcchtlingsjunge - Peter H\u00e4rtling Paulina Dauth - 7b: Wieso? Anna-Pauline Gutzeit - 8a: Mayla's Morgen Lilian Scharnke - 9: Interview: Flucht nach Europa Nils Sch\u00e4fer - 9: Wenig Steuern zahlen F\u00e1tima Haji: Bericht: Viele Schulen - ein Buch<\/p>\n","protected":false},"author":3,"featured_media":0,"parent":0,"menu_order":0,"comment_status":"closed","ping_status":"closed","template":"","meta":{"footnotes":""},"class_list":["post-1046","page","type-page","status-publish","h-entry","hentry","h-as-page"],"_links":{"self":[{"href":"https:\/\/www.luo-darmstadt.de\/schreibkunst\/wp-json\/wp\/v2\/pages\/1046","targetHints":{"allow":["GET"]}}],"collection":[{"href":"https:\/\/www.luo-darmstadt.de\/schreibkunst\/wp-json\/wp\/v2\/pages"}],"about":[{"href":"https:\/\/www.luo-darmstadt.de\/schreibkunst\/wp-json\/wp\/v2\/types\/page"}],"author":[{"embeddable":true,"href":"https:\/\/www.luo-darmstadt.de\/schreibkunst\/wp-json\/wp\/v2\/users\/3"}],"replies":[{"embeddable":true,"href":"https:\/\/www.luo-darmstadt.de\/schreibkunst\/wp-json\/wp\/v2\/comments?post=1046"}],"version-history":[{"count":4,"href":"https:\/\/www.luo-darmstadt.de\/schreibkunst\/wp-json\/wp\/v2\/pages\/1046\/revisions"}],"predecessor-version":[{"id":1326,"href":"https:\/\/www.luo-darmstadt.de\/schreibkunst\/wp-json\/wp\/v2\/pages\/1046\/revisions\/1326"}],"wp:attachment":[{"href":"https:\/\/www.luo-darmstadt.de\/schreibkunst\/wp-json\/wp\/v2\/media?parent=1046"}],"curies":[{"name":"wp","href":"https:\/\/api.w.org\/{rel}","templated":true}]}}